{"id":1035,"date":"2022-05-25T00:20:21","date_gmt":"2022-05-25T00:20:21","guid":{"rendered":"https:\/\/dev.novocarbo.comimpressum\/"},"modified":"2026-01-25T22:00:20","modified_gmt":"2026-01-25T22:00:20","slug":"impressum","status":"publish","type":"page","link":"https:\/\/www.novocarbo.com\/de\/impressum\/","title":{"rendered":"Impressum"},"content":{"rendered":"\n<h1>\n\t\tImpressum\n\t<\/h1>\n\t<p><strong>Novocarbo GmbH<\/strong><\/p>\nHermannstra\u00dfe 40<br \/>\n20095 Hamburg\n<strong>Kontakt<\/strong><br \/>\nTelefon: <a href=\"tel:+494074077060\">+49 40 740 770 60<\/a><br \/>\nTelefax: +49 40 368 8126 99<br \/>\nE-Mail: <a href=\"mailto:info@novocarbo.com\">info@novocarbo.com<\/a>\n<strong>Verteten durch die Gesch\u00e4ftsf\u00fchrer:<\/strong><br \/>\nCaspar von Ziegner, Marie de Lauzon<br \/>\n(o. g. Adresse)\n<strong>Registernummer:<\/strong> HRB 177054<br \/>\n<strong>Registergericht:<\/strong> Amtsgericht Hamburg\n<p><strong>USt-ID:<\/strong> DE 282 448 664<\/p>\n<strong>EU-Streitschlichtungsbeh\u00f6rde:<\/strong><br \/>\nDie Europ\u00e4ische Kommission stellt eine Plattform zur Online-Streitbeilegung (OS) bereit, die Sie unter <a href=\"https:\/\/ec.europa.eu\/consumers\/odr\" target=\"_blank\" rel=\"noopener\">https:\/\/ec.europa.eu\/consumers\/odr<\/a> finden k\u00f6nnen. Zur Teilnahme an einem Streitbeilegungsverfahren vor einer Verbraucherschlichtungsstelle sind wir nicht verpflichtet und nicht bereit.\n\t<p><strong>Bildnachweise:<\/strong><\/p>\nElenarts108, istock.com<br \/>\nproduction site PYREG, nou.berlin\nStartseite<br \/>\nWolken: <a href=\"https:\/\/www.istockphoto.com\/de\/foto\/blauer-himmel-hintergrund-mit-wei\u00dfen-wolken-gm589956830-101331457\" target=\"_blank\" rel=\"noopener\">phanthit, istock.com<\/a><br \/>\nWald: <a href=\"https:\/\/www.istockphoto.com\/de\/foto\/mangrovenwald-in-asien-philippinen-siargao-island-gm911765310-251027927\" target=\"_blank\" rel=\"noopener\">Alexpunker, istock.com<\/a>\nProjekte<br \/>\n&#8222;Ruhr&#8220; 1. Slide: <a href=\"https:\/\/www.istockphoto.com\/de\/foto\/luftaufnahme-des-warenlagers-logistikzentrum-im-industriestadtgebiet-von-oben-gm1166841990-321579390\" target=\"_blank\" rel=\"noopener\">jackaldu, istock.com<\/a><br \/>\n&#8222;Ostsee&#8220; 1. Slide: <a href=\"https:\/\/www.istockphoto.com\/de\/foto\/landschaft-und-die-ostsee-mit-wolken-auf-der-insel-hiddensee-panorama-von-hiddensee-gm1058781998-282981765\" target=\"_blank\" rel=\"noopener\">DR pics24<\/a>; 3. Slide: <a href=\"https:\/\/www.istockphoto.com\/de\/foto\/heizung-ingenieur-arbeiter-h\u00e4lt-tablet-computer-und-einstellung-von-parametern-der-gm1311412442-400516553\" target=\"_blank\" rel=\"noopener\">Smederevac, istock.com<\/a><br \/>\n&#8222;Meilensteine&#8220; 3. Slide: <a href=\"https:\/\/www.istockphoto.com\/de\/foto\/gespr\u00e4ch-\u00fcber-ein-projekt-im-b\u00fcro-architekten-gm915586870-251972038\" target=\"_blank\" rel=\"noopener\">Atstock Productions, istock.com<\/a>\n\n","protected":false},"excerpt":{"rendered":"<p>Impressum Novocarbo GmbH Hermannstra\u00dfe 40 20095 Hamburg Kontakt Telefon: +49 40 740 770 60 Telefax: +49 40 368 8126 99 E-Mail: info@novocarbo.com Verteten durch die Gesch\u00e4ftsf\u00fchrer: Caspar von Ziegner, Marie de Lauzon (o. g. Adresse) Registernummer: HRB 177054 Registergericht: Amtsgericht Hamburg USt-ID: DE 282 448 664 EU-Streitschlichtungsbeh\u00f6rde: Die Europ\u00e4ische Kommission stellt eine Plattform zur Online-Streitbeilegung [&hellip;]<\/p>\n","protected":false},"author":3,"featured_media":6330,"parent":0,"menu_order":99,"comment_status":"closed","ping_status":"closed","template":"","meta":{"_acf_changed":false,"inline_featured_image":false,"site-sidebar-layout":"no-sidebar","site-content-layout":"page-builder","ast-site-content-layout":"full-width-container","site-content-style":"unboxed","site-sidebar-style":"unboxed","ast-global-header-display":"","ast-banner-title-visibility":"","ast-main-header-display":"","ast-hfb-above-header-display":"","ast-hfb-below-header-display":"","ast-hfb-mobile-header-display":"","site-post-title":"disabled","ast-breadcrumbs-content":"","ast-featured-img":"disabled","footer-sml-layout":"","ast-disable-related-posts":"","theme-transparent-header-meta":"default","adv-header-id-meta":"","stick-header-meta":"default","header-above-stick-meta":"","header-main-stick-meta":"","header-below-stick-meta":"","astra-migrate-meta-layouts":"default","ast-page-background-enabled":"default","ast-page-background-meta":{"desktop":{"background-color":"var(--ast-global-color-4)","background-image":"","background-repeat":"repeat","background-position":"center center","background-size":"auto","background-attachment":"scroll","background-type":"","background-media":"","overlay-type":"","overlay-color":"","overlay-opacity":"","overlay-gradient":""},"tablet":{"background-color":"","background-image":"","background-repeat":"repeat","background-position":"center center","background-size":"auto","background-attachment":"scroll","background-type":"","background-media":"","overlay-type":"","overlay-color":"","overlay-opacity":"","overlay-gradient":""},"mobile":{"background-color":"","background-image":"","background-repeat":"repeat","background-position":"center center","background-size":"auto","background-attachment":"scroll","background-type":"","background-media":"","overlay-type":"","overlay-color":"","overlay-opacity":"","overlay-gradient":""}},"ast-content-background-meta":{"desktop":{"background-color":"var(--ast-global-color-5)","background-image":"","background-repeat":"repeat","background-position":"center center","background-size":"auto","background-attachment":"scroll","background-type":"","background-media":"","overlay-type":"","overlay-color":"","overlay-opacity":"","overlay-gradient":""},"tablet":{"background-color":"var(--ast-global-color-5)","background-image":"","background-repeat":"repeat","background-position":"center center","background-size":"auto","background-attachment":"scroll","background-type":"","background-media":"","overlay-type":"","overlay-color":"","overlay-opacity":"","overlay-gradient":""},"mobile":{"background-color":"var(--ast-global-color-5)","background-image":"","background-repeat":"repeat","background-position":"center center","background-size":"auto","background-attachment":"scroll","background-type":"","background-media":"","overlay-type":"","overlay-color":"","overlay-opacity":"","overlay-gradient":""}},"footnotes":""},"class_list":["post-1035","page","type-page","status-publish","has-post-thumbnail","hentry"],"acf":[],"yoast_head":"<!-- This site is optimized with the Yoast SEO plugin v27.3 - https:\/\/yoast.com\/product\/yoast-seo-wordpress\/ -->\n<title>Impressum | Novocarbo<\/title>\n<meta name=\"robots\" content=\"noindex, nofollow\" \/>\n<meta property=\"og:locale\" content=\"de_DE\" \/>\n<meta property=\"og:type\" content=\"article\" \/>\n<meta property=\"og:title\" content=\"Impressum | Novocarbo\" \/>\n<meta property=\"og:description\" content=\"Impressum Novocarbo GmbH Hermannstra\u00dfe 40 20095 Hamburg Kontakt Telefon: +49 40 740 770 60 Telefax: +49 40 368 8126 99 E-Mail: info@novocarbo.com Verteten durch die Gesch\u00e4ftsf\u00fchrer: Caspar von Ziegner, Marie de Lauzon (o. g. Adresse) Registernummer: HRB 177054 Registergericht: Amtsgericht Hamburg USt-ID: DE 282 448 664 EU-Streitschlichtungsbeh\u00f6rde: Die Europ\u00e4ische Kommission stellt eine Plattform zur Online-Streitbeilegung [&hellip;]\" \/>\n<meta property=\"og:url\" content=\"https:\/\/www.novocarbo.com\/de\/impressum\/\" \/>\n<meta property=\"og:site_name\" content=\"Novocarbo\" \/>\n<meta property=\"article:modified_time\" content=\"2026-01-25T22:00:20+00:00\" \/>\n<meta property=\"og:image\" content=\"https:\/\/www.novocarbo.com\/wp-content\/uploads\/Novocarbo-Biochar-Production-1.jpg\" \/>\n\t<meta property=\"og:image:width\" content=\"1920\" \/>\n\t<meta property=\"og:image:height\" content=\"1080\" \/>\n\t<meta property=\"og:image:type\" content=\"image\/jpeg\" \/>\n<meta name=\"twitter:card\" content=\"summary_large_image\" \/>\n<meta name=\"twitter:site\" content=\"@NovoCarbo\" \/>\n<meta name=\"twitter:label1\" content=\"Gesch\u00e4tzte Lesezeit\" \/>\n\t<meta name=\"twitter:data1\" content=\"1\u00a0Minute\" \/>\n<script type=\"application\/ld+json\" class=\"yoast-schema-graph\">{\"@context\":\"https:\\\/\\\/schema.org\",\"@graph\":[{\"@type\":\"WebPage\",\"@id\":\"https:\\\/\\\/www.novocarbo.com\\\/de\\\/impressum\\\/\",\"url\":\"https:\\\/\\\/www.novocarbo.com\\\/de\\\/impressum\\\/\",\"name\":\"Impressum | Novocarbo\",\"isPartOf\":{\"@id\":\"https:\\\/\\\/www.novocarbo.com\\\/de\\\/#website\"},\"primaryImageOfPage\":{\"@id\":\"https:\\\/\\\/www.novocarbo.com\\\/de\\\/impressum\\\/#primaryimage\"},\"image\":{\"@id\":\"https:\\\/\\\/www.novocarbo.com\\\/de\\\/impressum\\\/#primaryimage\"},\"thumbnailUrl\":\"https:\\\/\\\/www.novocarbo.com\\\/wp-content\\\/uploads\\\/Novocarbo-Biochar-Production-1.jpg\",\"datePublished\":\"2022-05-25T00:20:21+00:00\",\"dateModified\":\"2026-01-25T22:00:20+00:00\",\"breadcrumb\":{\"@id\":\"https:\\\/\\\/www.novocarbo.com\\\/de\\\/impressum\\\/#breadcrumb\"},\"inLanguage\":\"de\",\"potentialAction\":[{\"@type\":\"ReadAction\",\"target\":[\"https:\\\/\\\/www.novocarbo.com\\\/de\\\/impressum\\\/\"]}]},{\"@type\":\"ImageObject\",\"inLanguage\":\"de\",\"@id\":\"https:\\\/\\\/www.novocarbo.com\\\/de\\\/impressum\\\/#primaryimage\",\"url\":\"https:\\\/\\\/www.novocarbo.com\\\/wp-content\\\/uploads\\\/Novocarbo-Biochar-Production-1.jpg\",\"contentUrl\":\"https:\\\/\\\/www.novocarbo.com\\\/wp-content\\\/uploads\\\/Novocarbo-Biochar-Production-1.jpg\",\"width\":1920,\"height\":1080},{\"@type\":\"BreadcrumbList\",\"@id\":\"https:\\\/\\\/www.novocarbo.com\\\/de\\\/impressum\\\/#breadcrumb\",\"itemListElement\":[{\"@type\":\"ListItem\",\"position\":1,\"name\":\"Home\",\"item\":\"https:\\\/\\\/www.novocarbo.com\\\/de\\\/\"},{\"@type\":\"ListItem\",\"position\":2,\"name\":\"Impressum\"}]},{\"@type\":\"WebSite\",\"@id\":\"https:\\\/\\\/www.novocarbo.com\\\/de\\\/#website\",\"url\":\"https:\\\/\\\/www.novocarbo.com\\\/de\\\/\",\"name\":\"Novocarbo\",\"description\":\"Expert Carbon Removal\",\"publisher\":{\"@id\":\"https:\\\/\\\/www.novocarbo.com\\\/de\\\/#organization\"},\"potentialAction\":[{\"@type\":\"SearchAction\",\"target\":{\"@type\":\"EntryPoint\",\"urlTemplate\":\"https:\\\/\\\/www.novocarbo.com\\\/de\\\/?s={search_term_string}\"},\"query-input\":{\"@type\":\"PropertyValueSpecification\",\"valueRequired\":true,\"valueName\":\"search_term_string\"}}],\"inLanguage\":\"de\"},{\"@type\":\"Organization\",\"@id\":\"https:\\\/\\\/www.novocarbo.com\\\/de\\\/#organization\",\"name\":\"Novocarbo\",\"url\":\"https:\\\/\\\/www.novocarbo.com\\\/de\\\/\",\"logo\":{\"@type\":\"ImageObject\",\"inLanguage\":\"de\",\"@id\":\"https:\\\/\\\/www.novocarbo.com\\\/de\\\/#\\\/schema\\\/logo\\\/image\\\/\",\"url\":\"https:\\\/\\\/www.novocarbo.com\\\/wp-content\\\/uploads\\\/cropped-placeholder.jpg\",\"contentUrl\":\"https:\\\/\\\/www.novocarbo.com\\\/wp-content\\\/uploads\\\/cropped-placeholder.jpg\",\"width\":1166,\"height\":272,\"caption\":\"Novocarbo\"},\"image\":{\"@id\":\"https:\\\/\\\/www.novocarbo.com\\\/de\\\/#\\\/schema\\\/logo\\\/image\\\/\"},\"sameAs\":[\"https:\\\/\\\/x.com\\\/NovoCarbo\",\"https:\\\/\\\/www.linkedin.com\\\/company\\\/novocarbo\\\/\"]}]}<\/script>\n<!-- \/ Yoast SEO plugin. -->","yoast_head_json":{"title":"Impressum | Novocarbo","robots":{"index":"noindex","follow":"nofollow"},"og_locale":"de_DE","og_type":"article","og_title":"Impressum | Novocarbo","og_description":"Impressum Novocarbo GmbH Hermannstra\u00dfe 40 20095 Hamburg Kontakt Telefon: +49 40 740 770 60 Telefax: +49 40 368 8126 99 E-Mail: info@novocarbo.com Verteten durch die Gesch\u00e4ftsf\u00fchrer: Caspar von Ziegner, Marie de Lauzon (o. g. Adresse) Registernummer: HRB 177054 Registergericht: Amtsgericht Hamburg USt-ID: DE 282 448 664 EU-Streitschlichtungsbeh\u00f6rde: Die Europ\u00e4ische Kommission stellt eine Plattform zur Online-Streitbeilegung [&hellip;]","og_url":"https:\/\/www.novocarbo.com\/de\/impressum\/","og_site_name":"Novocarbo","article_modified_time":"2026-01-25T22:00:20+00:00","og_image":[{"width":1920,"height":1080,"url":"https:\/\/www.novocarbo.com\/wp-content\/uploads\/Novocarbo-Biochar-Production-1.jpg","type":"image\/jpeg"}],"twitter_card":"summary_large_image","twitter_site":"@NovoCarbo","twitter_misc":{"Gesch\u00e4tzte Lesezeit":"1\u00a0Minute"},"schema":{"@context":"https:\/\/schema.org","@graph":[{"@type":"WebPage","@id":"https:\/\/www.novocarbo.com\/de\/impressum\/","url":"https:\/\/www.novocarbo.com\/de\/impressum\/","name":"Impressum | Novocarbo","isPartOf":{"@id":"https:\/\/www.novocarbo.com\/de\/#website"},"primaryImageOfPage":{"@id":"https:\/\/www.novocarbo.com\/de\/impressum\/#primaryimage"},"image":{"@id":"https:\/\/www.novocarbo.com\/de\/impressum\/#primaryimage"},"thumbnailUrl":"https:\/\/www.novocarbo.com\/wp-content\/uploads\/Novocarbo-Biochar-Production-1.jpg","datePublished":"2022-05-25T00:20:21+00:00","dateModified":"2026-01-25T22:00:20+00:00","breadcrumb":{"@id":"https:\/\/www.novocarbo.com\/de\/impressum\/#breadcrumb"},"inLanguage":"de","potentialAction":[{"@type":"ReadAction","target":["https:\/\/www.novocarbo.com\/de\/impressum\/"]}]},{"@type":"ImageObject","inLanguage":"de","@id":"https:\/\/www.novocarbo.com\/de\/impressum\/#primaryimage","url":"https:\/\/www.novocarbo.com\/wp-content\/uploads\/Novocarbo-Biochar-Production-1.jpg","contentUrl":"https:\/\/www.novocarbo.com\/wp-content\/uploads\/Novocarbo-Biochar-Production-1.jpg","width":1920,"height":1080},{"@type":"BreadcrumbList","@id":"https:\/\/www.novocarbo.com\/de\/impressum\/#breadcrumb","itemListElement":[{"@type":"ListItem","position":1,"name":"Home","item":"https:\/\/www.novocarbo.com\/de\/"},{"@type":"ListItem","position":2,"name":"Impressum"}]},{"@type":"WebSite","@id":"https:\/\/www.novocarbo.com\/de\/#website","url":"https:\/\/www.novocarbo.com\/de\/","name":"Novocarbo","description":"Expert Carbon Removal","publisher":{"@id":"https:\/\/www.novocarbo.com\/de\/#organization"},"potentialAction":[{"@type":"SearchAction","target":{"@type":"EntryPoint","urlTemplate":"https:\/\/www.novocarbo.com\/de\/?s={search_term_string}"},"query-input":{"@type":"PropertyValueSpecification","valueRequired":true,"valueName":"search_term_string"}}],"inLanguage":"de"},{"@type":"Organization","@id":"https:\/\/www.novocarbo.com\/de\/#organization","name":"Novocarbo","url":"https:\/\/www.novocarbo.com\/de\/","logo":{"@type":"ImageObject","inLanguage":"de","@id":"https:\/\/www.novocarbo.com\/de\/#\/schema\/logo\/image\/","url":"https:\/\/www.novocarbo.com\/wp-content\/uploads\/cropped-placeholder.jpg","contentUrl":"https:\/\/www.novocarbo.com\/wp-content\/uploads\/cropped-placeholder.jpg","width":1166,"height":272,"caption":"Novocarbo"},"image":{"@id":"https:\/\/www.novocarbo.com\/de\/#\/schema\/logo\/image\/"},"sameAs":["https:\/\/x.com\/NovoCarbo","https:\/\/www.linkedin.com\/company\/novocarbo\/"]}]}},"_links":{"self":[{"href":"https:\/\/www.novocarbo.com\/de\/wp-json\/wp\/v2\/pages\/1035","targetHints":{"allow":["GET"]}}],"collection":[{"href":"https:\/\/www.novocarbo.com\/de\/wp-json\/wp\/v2\/pages"}],"about":[{"href":"https:\/\/www.novocarbo.com\/de\/wp-json\/wp\/v2\/types\/page"}],"author":[{"embeddable":true,"href":"https:\/\/www.novocarbo.com\/de\/wp-json\/wp\/v2\/users\/3"}],"replies":[{"embeddable":true,"href":"https:\/\/www.novocarbo.com\/de\/wp-json\/wp\/v2\/comments?post=1035"}],"version-history":[{"count":4,"href":"https:\/\/www.novocarbo.com\/de\/wp-json\/wp\/v2\/pages\/1035\/revisions"}],"predecessor-version":[{"id":4528,"href":"https:\/\/www.novocarbo.com\/de\/wp-json\/wp\/v2\/pages\/1035\/revisions\/4528"}],"wp:featuredmedia":[{"embeddable":true,"href":"https:\/\/www.novocarbo.com\/de\/wp-json\/wp\/v2\/media\/6330"}],"wp:attachment":[{"href":"https:\/\/www.novocarbo.com\/de\/wp-json\/wp\/v2\/media?parent=1035"}],"curies":[{"name":"wp","href":"https:\/\/api.w.org\/{rel}","templated":true}]}}