{"id":2881,"date":"2024-01-22T10:53:00","date_gmt":"2024-01-22T10:53:00","guid":{"rendered":"https:\/\/dev.novocarbo.com?page_id=2881"},"modified":"2026-01-28T16:09:36","modified_gmt":"2026-01-28T16:09:36","slug":"besichtigung","status":"publish","type":"page","link":"https:\/\/www.novocarbo.com\/de\/projekte\/besichtigung\/","title":{"rendered":"Besichtigung"},"content":{"rendered":"\n<h1>\n\t\tBesuchen Sie unseren Carbon Removal Park Baltic Sea\n\t<\/h1>\n\t<p>Wir freuen uns, dass Sie sich f\u00fcr eine Besichtigung in einem unserer Carbon Removal Parks interessieren!<\/p>\n<p>Wir bieten in regelm\u00e4\u00dfigen Abst\u00e4nden Besuche im Carbon Removal Park Baltic Sea, unser Produktionsstandort f\u00fcr Pflanzenkohle in Grevesm\u00fchlen, Mecklenburg-Vorpommern, f\u00fcr Kooperationspartner oder die, die es noch werden wollen, an. Sie haben die einmalige Gelegenheit, unseren Pyrolysepark hautnah zu erleben, an einer F\u00fchrung durch die Pflanzenkohleproduktion teilzunehmen und Fragen direkt an unsere Experten vor Ort zu stellen.<\/p>\n<p>Wenn Sie mit einer Gruppe von vier oder mehr Personen teilnehmen m\u00f6chten oder einen individuellen Besuch w\u00fcnschen, stellen wir Ihnen unsere Aufwendungen in Rechnung.<\/p>\n<p><strong>Nachdem Sie das untenstehende E-Mail-Adressfeld ausgef\u00fcllt haben, kommen wir mit weiteren Informationen auf Sie zu.<\/strong><\/p>\n\t\t\t\t<a href=\"https:\/\/www.novocarbo.com\/wp-content\/uploads\/2023-05-CDR-Park-Baltic-Sea-1.jpg\" target=\"_self\" itemprop=\"url\" rel=\"noopener\">\n\t\t\t\t<img loading=\"lazy\" decoding=\"async\" src=\"https:\/\/www.novocarbo.com\/wp-content\/uploads\/2023-05-CDR-Park-Baltic-Sea-1-400x267.jpg\" alt=\"The production site of our Carbon Removal Park Baltic Sea seen from the side\" itemprop=\"image\" height=\"267\" width=\"400\" title=\"CDR Park Baltic Sea\" onerror=\"this.style.display='none'\"  \/>\n\t\t\t\t<\/a>\n\t\t\t\t<a href=\"https:\/\/www.novocarbo.com\/wp-content\/uploads\/2023-06-CDR-Park-Baltic-Sea-Above3.jpg\" target=\"_self\" itemprop=\"url\" rel=\"noopener\">\n\t\t\t\t<img loading=\"lazy\" decoding=\"async\" src=\"https:\/\/www.novocarbo.com\/wp-content\/uploads\/2023-06-CDR-Park-Baltic-Sea-Above3-1100x619.jpg\" alt=\"The whole area of Carbon Removal Park Baltic Sea is seen from above\" itemprop=\"image\" height=\"619\" width=\"1100\" title=\"CDR-Park-Baltic-Sea-Above\" onerror=\"this.style.display='none'\"  \/>\n\t\t\t\t<\/a>\n\t\t\t\t<img loading=\"lazy\" decoding=\"async\" src=\"https:\/\/www.novocarbo.com\/wp-content\/uploads\/Presskit-Preview-2023-05-CDR-Park-Silos-400x300.jpg\" alt=\"Presskit Carbon Removal Park Baltic Sea\" itemprop=\"image\" height=\"300\" width=\"400\" title=\"Presskit Preview 2023-05-CDR-Park-Silos\" onerror=\"this.style.display='none'\"  \/>\n<h2>\n\t\tSie sind an einem Besuch interessiert? Bitte f\u00fcllen Sie die Felder aus:\n\t<\/h2>\n\t\n\t<p>* Pflichtfelder<\/p>\n\n","protected":false},"excerpt":{"rendered":"<p>Besuchen Sie unseren Carbon Removal Park Baltic Sea Wir freuen uns, dass Sie sich f\u00fcr eine Besichtigung in einem unserer Carbon Removal Parks interessieren! Wir bieten in regelm\u00e4\u00dfigen Abst\u00e4nden Besuche im Carbon Removal Park Baltic Sea, unser Produktionsstandort f\u00fcr Pflanzenkohle in Grevesm\u00fchlen, Mecklenburg-Vorpommern, f\u00fcr Kooperationspartner oder die, die es noch werden wollen, an. Sie haben [&hellip;]<\/p>\n","protected":false},"author":4,"featured_media":2680,"parent":1004,"menu_order":50,"comment_status":"closed","ping_status":"closed","template":"","meta":{"_acf_changed":false,"inline_featured_image":false,"site-sidebar-layout":"no-sidebar","site-content-layout":"page-builder","ast-site-content-layout":"full-width-container","site-content-style":"unboxed","site-sidebar-style":"unboxed","ast-global-header-display":"","ast-banner-title-visibility":"","ast-main-header-display":"","ast-hfb-above-header-display":"","ast-hfb-below-header-display":"","ast-hfb-mobile-header-display":"","site-post-title":"disabled","ast-breadcrumbs-content":"disabled","ast-featured-img":"disabled","footer-sml-layout":"disabled","ast-disable-related-posts":"","theme-transparent-header-meta":"default","adv-header-id-meta":"","stick-header-meta":"default","header-above-stick-meta":"","header-main-stick-meta":"","header-below-stick-meta":"","astra-migrate-meta-layouts":"set","ast-page-background-enabled":"default","ast-page-background-meta":{"desktop":{"background-color":"var(--ast-global-color-4)","background-image":"","background-repeat":"repeat","background-position":"center center","background-size":"auto","background-attachment":"scroll","background-type":"","background-media":"","overlay-type":"","overlay-color":"","overlay-opacity":"","overlay-gradient":""},"tablet":{"background-color":"","background-image":"","background-repeat":"repeat","background-position":"center center","background-size":"auto","background-attachment":"scroll","background-type":"","background-media":"","overlay-type":"","overlay-color":"","overlay-opacity":"","overlay-gradient":""},"mobile":{"background-color":"","background-image":"","background-repeat":"repeat","background-position":"center center","background-size":"auto","background-attachment":"scroll","background-type":"","background-media":"","overlay-type":"","overlay-color":"","overlay-opacity":"","overlay-gradient":""}},"ast-content-background-meta":{"desktop":{"background-color":"var(--ast-global-color-5)","background-image":"","background-repeat":"repeat","background-position":"center center","background-size":"auto","background-attachment":"scroll","background-type":"","background-media":"","overlay-type":"","overlay-color":"","overlay-opacity":"","overlay-gradient":""},"tablet":{"background-color":"var(--ast-global-color-5)","background-image":"","background-repeat":"repeat","background-position":"center center","background-size":"auto","background-attachment":"scroll","background-type":"","background-media":"","overlay-type":"","overlay-color":"","overlay-opacity":"","overlay-gradient":""},"mobile":{"background-color":"var(--ast-global-color-5)","background-image":"","background-repeat":"repeat","background-position":"center center","background-size":"auto","background-attachment":"scroll","background-type":"","background-media":"","overlay-type":"","overlay-color":"","overlay-opacity":"","overlay-gradient":""}},"footnotes":""},"class_list":["post-2881","page","type-page","status-publish","has-post-thumbnail","hentry"],"acf":[],"yoast_head":"<!-- This site is optimized with the Yoast SEO plugin v27.3 - https:\/\/yoast.com\/product\/yoast-seo-wordpress\/ -->\n<title>Besuche einen Carbon Removal Park | Novocarbo<\/title>\n<meta name=\"description\" content=\"Wir bieten regelm\u00e4\u00dfig F\u00fchrungen durch unseren Carbon Removal Park Baltic Sea f\u00fcr Kooperationspartner oder solche, die es werden m\u00f6chten, an.\" \/>\n<meta name=\"robots\" content=\"index, follow, max-snippet:-1, max-image-preview:large, max-video-preview:-1\" \/>\n<link rel=\"canonical\" href=\"https:\/\/www.novocarbo.com\/de\/projekte\/besichtigung\/\" \/>\n<meta property=\"og:locale\" content=\"de_DE\" \/>\n<meta property=\"og:type\" content=\"article\" \/>\n<meta property=\"og:title\" content=\"Besuche einen Carbon Removal Park | Novocarbo\" \/>\n<meta property=\"og:description\" content=\"Wir bieten regelm\u00e4\u00dfig F\u00fchrungen durch unseren Carbon Removal Park Baltic Sea f\u00fcr Kooperationspartner oder solche, die es werden m\u00f6chten, an.\" \/>\n<meta property=\"og:url\" content=\"https:\/\/www.novocarbo.com\/de\/projekte\/besichtigung\/\" \/>\n<meta property=\"og:site_name\" content=\"Novocarbo\" \/>\n<meta property=\"article:modified_time\" content=\"2026-01-28T16:09:36+00:00\" \/>\n<meta property=\"og:image\" content=\"https:\/\/www.novocarbo.com\/wp-content\/uploads\/2023-06-CDR-Park-Baltic-Sea-Above3.jpg\" \/>\n\t<meta property=\"og:image:width\" content=\"2000\" \/>\n\t<meta property=\"og:image:height\" content=\"1125\" \/>\n\t<meta property=\"og:image:type\" content=\"image\/jpeg\" \/>\n<meta name=\"twitter:card\" content=\"summary_large_image\" \/>\n<meta name=\"twitter:site\" content=\"@NovoCarbo\" \/>\n<meta name=\"twitter:label1\" content=\"Gesch\u00e4tzte Lesezeit\" \/>\n\t<meta name=\"twitter:data1\" content=\"1\u00a0Minute\" \/>\n<script type=\"application\/ld+json\" class=\"yoast-schema-graph\">{\"@context\":\"https:\\\/\\\/schema.org\",\"@graph\":[{\"@type\":\"WebPage\",\"@id\":\"https:\\\/\\\/www.novocarbo.com\\\/de\\\/projekte\\\/besichtigung\\\/\",\"url\":\"https:\\\/\\\/www.novocarbo.com\\\/de\\\/projekte\\\/besichtigung\\\/\",\"name\":\"Besuche einen Carbon Removal Park | Novocarbo\",\"isPartOf\":{\"@id\":\"https:\\\/\\\/www.novocarbo.com\\\/de\\\/#website\"},\"primaryImageOfPage\":{\"@id\":\"https:\\\/\\\/www.novocarbo.com\\\/de\\\/projekte\\\/besichtigung\\\/#primaryimage\"},\"image\":{\"@id\":\"https:\\\/\\\/www.novocarbo.com\\\/de\\\/projekte\\\/besichtigung\\\/#primaryimage\"},\"thumbnailUrl\":\"https:\\\/\\\/www.novocarbo.com\\\/wp-content\\\/uploads\\\/2023-06-CDR-Park-Baltic-Sea-Above3.jpg\",\"datePublished\":\"2024-01-22T10:53:00+00:00\",\"dateModified\":\"2026-01-28T16:09:36+00:00\",\"description\":\"Wir bieten regelm\u00e4\u00dfig F\u00fchrungen durch unseren Carbon Removal Park Baltic Sea f\u00fcr Kooperationspartner oder solche, die es werden m\u00f6chten, an.\",\"breadcrumb\":{\"@id\":\"https:\\\/\\\/www.novocarbo.com\\\/de\\\/projekte\\\/besichtigung\\\/#breadcrumb\"},\"inLanguage\":\"de\",\"potentialAction\":[{\"@type\":\"ReadAction\",\"target\":[\"https:\\\/\\\/www.novocarbo.com\\\/de\\\/projekte\\\/besichtigung\\\/\"]}]},{\"@type\":\"ImageObject\",\"inLanguage\":\"de\",\"@id\":\"https:\\\/\\\/www.novocarbo.com\\\/de\\\/projekte\\\/besichtigung\\\/#primaryimage\",\"url\":\"https:\\\/\\\/www.novocarbo.com\\\/wp-content\\\/uploads\\\/2023-06-CDR-Park-Baltic-Sea-Above3.jpg\",\"contentUrl\":\"https:\\\/\\\/www.novocarbo.com\\\/wp-content\\\/uploads\\\/2023-06-CDR-Park-Baltic-Sea-Above3.jpg\",\"width\":2000,\"height\":1125,\"caption\":\"Carbon Removal Park Baltic Sea from above\"},{\"@type\":\"BreadcrumbList\",\"@id\":\"https:\\\/\\\/www.novocarbo.com\\\/de\\\/projekte\\\/besichtigung\\\/#breadcrumb\",\"itemListElement\":[{\"@type\":\"ListItem\",\"position\":1,\"name\":\"Home\",\"item\":\"https:\\\/\\\/www.novocarbo.com\\\/de\\\/\"},{\"@type\":\"ListItem\",\"position\":2,\"name\":\"Parks\",\"item\":\"https:\\\/\\\/www.novocarbo.com\\\/de\\\/projekte\\\/\"},{\"@type\":\"ListItem\",\"position\":3,\"name\":\"Besichtigung\"}]},{\"@type\":\"WebSite\",\"@id\":\"https:\\\/\\\/www.novocarbo.com\\\/de\\\/#website\",\"url\":\"https:\\\/\\\/www.novocarbo.com\\\/de\\\/\",\"name\":\"Novocarbo\",\"description\":\"Expert Carbon Removal\",\"publisher\":{\"@id\":\"https:\\\/\\\/www.novocarbo.com\\\/de\\\/#organization\"},\"potentialAction\":[{\"@type\":\"SearchAction\",\"target\":{\"@type\":\"EntryPoint\",\"urlTemplate\":\"https:\\\/\\\/www.novocarbo.com\\\/de\\\/?s={search_term_string}\"},\"query-input\":{\"@type\":\"PropertyValueSpecification\",\"valueRequired\":true,\"valueName\":\"search_term_string\"}}],\"inLanguage\":\"de\"},{\"@type\":\"Organization\",\"@id\":\"https:\\\/\\\/www.novocarbo.com\\\/de\\\/#organization\",\"name\":\"Novocarbo\",\"url\":\"https:\\\/\\\/www.novocarbo.com\\\/de\\\/\",\"logo\":{\"@type\":\"ImageObject\",\"inLanguage\":\"de\",\"@id\":\"https:\\\/\\\/www.novocarbo.com\\\/de\\\/#\\\/schema\\\/logo\\\/image\\\/\",\"url\":\"https:\\\/\\\/www.novocarbo.com\\\/wp-content\\\/uploads\\\/cropped-placeholder.jpg\",\"contentUrl\":\"https:\\\/\\\/www.novocarbo.com\\\/wp-content\\\/uploads\\\/cropped-placeholder.jpg\",\"width\":1166,\"height\":272,\"caption\":\"Novocarbo\"},\"image\":{\"@id\":\"https:\\\/\\\/www.novocarbo.com\\\/de\\\/#\\\/schema\\\/logo\\\/image\\\/\"},\"sameAs\":[\"https:\\\/\\\/x.com\\\/NovoCarbo\",\"https:\\\/\\\/www.linkedin.com\\\/company\\\/novocarbo\\\/\"]}]}<\/script>\n<!-- \/ Yoast SEO plugin. -->","yoast_head_json":{"title":"Besuche einen Carbon Removal Park | Novocarbo","description":"Wir bieten regelm\u00e4\u00dfig F\u00fchrungen durch unseren Carbon Removal Park Baltic Sea f\u00fcr Kooperationspartner oder solche, die es werden m\u00f6chten, an.","robots":{"index":"index","follow":"follow","max-snippet":"max-snippet:-1","max-image-preview":"max-image-preview:large","max-video-preview":"max-video-preview:-1"},"canonical":"https:\/\/www.novocarbo.com\/de\/projekte\/besichtigung\/","og_locale":"de_DE","og_type":"article","og_title":"Besuche einen Carbon Removal Park | Novocarbo","og_description":"Wir bieten regelm\u00e4\u00dfig F\u00fchrungen durch unseren Carbon Removal Park Baltic Sea f\u00fcr Kooperationspartner oder solche, die es werden m\u00f6chten, an.","og_url":"https:\/\/www.novocarbo.com\/de\/projekte\/besichtigung\/","og_site_name":"Novocarbo","article_modified_time":"2026-01-28T16:09:36+00:00","og_image":[{"width":2000,"height":1125,"url":"https:\/\/www.novocarbo.com\/wp-content\/uploads\/2023-06-CDR-Park-Baltic-Sea-Above3.jpg","type":"image\/jpeg"}],"twitter_card":"summary_large_image","twitter_site":"@NovoCarbo","twitter_misc":{"Gesch\u00e4tzte Lesezeit":"1\u00a0Minute"},"schema":{"@context":"https:\/\/schema.org","@graph":[{"@type":"WebPage","@id":"https:\/\/www.novocarbo.com\/de\/projekte\/besichtigung\/","url":"https:\/\/www.novocarbo.com\/de\/projekte\/besichtigung\/","name":"Besuche einen Carbon Removal Park | Novocarbo","isPartOf":{"@id":"https:\/\/www.novocarbo.com\/de\/#website"},"primaryImageOfPage":{"@id":"https:\/\/www.novocarbo.com\/de\/projekte\/besichtigung\/#primaryimage"},"image":{"@id":"https:\/\/www.novocarbo.com\/de\/projekte\/besichtigung\/#primaryimage"},"thumbnailUrl":"https:\/\/www.novocarbo.com\/wp-content\/uploads\/2023-06-CDR-Park-Baltic-Sea-Above3.jpg","datePublished":"2024-01-22T10:53:00+00:00","dateModified":"2026-01-28T16:09:36+00:00","description":"Wir bieten regelm\u00e4\u00dfig F\u00fchrungen durch unseren Carbon Removal Park Baltic Sea f\u00fcr Kooperationspartner oder solche, die es werden m\u00f6chten, an.","breadcrumb":{"@id":"https:\/\/www.novocarbo.com\/de\/projekte\/besichtigung\/#breadcrumb"},"inLanguage":"de","potentialAction":[{"@type":"ReadAction","target":["https:\/\/www.novocarbo.com\/de\/projekte\/besichtigung\/"]}]},{"@type":"ImageObject","inLanguage":"de","@id":"https:\/\/www.novocarbo.com\/de\/projekte\/besichtigung\/#primaryimage","url":"https:\/\/www.novocarbo.com\/wp-content\/uploads\/2023-06-CDR-Park-Baltic-Sea-Above3.jpg","contentUrl":"https:\/\/www.novocarbo.com\/wp-content\/uploads\/2023-06-CDR-Park-Baltic-Sea-Above3.jpg","width":2000,"height":1125,"caption":"Carbon Removal Park Baltic Sea from above"},{"@type":"BreadcrumbList","@id":"https:\/\/www.novocarbo.com\/de\/projekte\/besichtigung\/#breadcrumb","itemListElement":[{"@type":"ListItem","position":1,"name":"Home","item":"https:\/\/www.novocarbo.com\/de\/"},{"@type":"ListItem","position":2,"name":"Parks","item":"https:\/\/www.novocarbo.com\/de\/projekte\/"},{"@type":"ListItem","position":3,"name":"Besichtigung"}]},{"@type":"WebSite","@id":"https:\/\/www.novocarbo.com\/de\/#website","url":"https:\/\/www.novocarbo.com\/de\/","name":"Novocarbo","description":"Expert Carbon Removal","publisher":{"@id":"https:\/\/www.novocarbo.com\/de\/#organization"},"potentialAction":[{"@type":"SearchAction","target":{"@type":"EntryPoint","urlTemplate":"https:\/\/www.novocarbo.com\/de\/?s={search_term_string}"},"query-input":{"@type":"PropertyValueSpecification","valueRequired":true,"valueName":"search_term_string"}}],"inLanguage":"de"},{"@type":"Organization","@id":"https:\/\/www.novocarbo.com\/de\/#organization","name":"Novocarbo","url":"https:\/\/www.novocarbo.com\/de\/","logo":{"@type":"ImageObject","inLanguage":"de","@id":"https:\/\/www.novocarbo.com\/de\/#\/schema\/logo\/image\/","url":"https:\/\/www.novocarbo.com\/wp-content\/uploads\/cropped-placeholder.jpg","contentUrl":"https:\/\/www.novocarbo.com\/wp-content\/uploads\/cropped-placeholder.jpg","width":1166,"height":272,"caption":"Novocarbo"},"image":{"@id":"https:\/\/www.novocarbo.com\/de\/#\/schema\/logo\/image\/"},"sameAs":["https:\/\/x.com\/NovoCarbo","https:\/\/www.linkedin.com\/company\/novocarbo\/"]}]}},"_links":{"self":[{"href":"https:\/\/www.novocarbo.com\/de\/wp-json\/wp\/v2\/pages\/2881","targetHints":{"allow":["GET"]}}],"collection":[{"href":"https:\/\/www.novocarbo.com\/de\/wp-json\/wp\/v2\/pages"}],"about":[{"href":"https:\/\/www.novocarbo.com\/de\/wp-json\/wp\/v2\/types\/page"}],"author":[{"embeddable":true,"href":"https:\/\/www.novocarbo.com\/de\/wp-json\/wp\/v2\/users\/4"}],"replies":[{"embeddable":true,"href":"https:\/\/www.novocarbo.com\/de\/wp-json\/wp\/v2\/comments?post=2881"}],"version-history":[{"count":10,"href":"https:\/\/www.novocarbo.com\/de\/wp-json\/wp\/v2\/pages\/2881\/revisions"}],"predecessor-version":[{"id":4261,"href":"https:\/\/www.novocarbo.com\/de\/wp-json\/wp\/v2\/pages\/2881\/revisions\/4261"}],"up":[{"embeddable":true,"href":"https:\/\/www.novocarbo.com\/de\/wp-json\/wp\/v2\/pages\/1004"}],"wp:featuredmedia":[{"embeddable":true,"href":"https:\/\/www.novocarbo.com\/de\/wp-json\/wp\/v2\/media\/2680"}],"wp:attachment":[{"href":"https:\/\/www.novocarbo.com\/de\/wp-json\/wp\/v2\/media?parent=2881"}],"curies":[{"name":"wp","href":"https:\/\/api.w.org\/{rel}","templated":true}]}}